{"id":1874,"date":"2024-11-04T14:21:29","date_gmt":"2024-11-04T20:21:29","guid":{"rendered":"https:\/\/www.datasid.com\/?page_id=1874"},"modified":"2025-01-16T17:18:27","modified_gmt":"2025-01-16T23:18:27","slug":"senalizacion-digital","status":"publish","type":"page","link":"https:\/\/www.datasid.com\/?page_id=1874","title":{"rendered":"Se\u00f1alizaci\u00f3n Digital"},"content":{"rendered":"\n<div class=\"section-title-area\" style=\"margin-bottom: 42px;\">\n\t<h5 class=\"section-subtitle\" style=\"color: #fff;\">Se\u00f1alizaci\u00f3n<\/h5>\n\t<hr>\n\t<h2 class=\"section-title\" style=\"color: #fff;\">Digital<\/h2>\n<\/div>\n\n<div class=\"tabs\">\n\n\n\t<div class=\"tabs__sidebar\">\n\t\t<button id=\"Tab1\" class=\"tabs__button\" data-for-tab=\"1\">MONTAJE A PARED<\/button>\n\t\t<button id=\"Tab2\" class=\"tabs__button\" data-for-tab=\"2\">SOPORTE A PISO<\/button>\n\t\t<button id=\"Tab3\" class=\"tabs__button\" data-for-tab=\"3\">DOBLE PANTALLA<\/button>\n\t\t<button id=\"Tab4\" class=\"tabs__button\" data-for-tab=\"4\">VIDEO WALL<\/button>\n\t\t<button id=\"Tab5\" class=\"tabs__button\" data-for-tab=\"5\">PANTALLA DOBLE CON CAJA TRANSPARENTE<\/button>\n\t\t<button id=\"Tab6\" class=\"tabs__button\" data-for-tab=\"6\">SE\u00d1ALIZACI\u00d3N CON CAJA TRANSPARENTE<\/button>\n\t\t<button id=\"Tab7\" class=\"tabs__button\" data-for-tab=\"7\">DOBLE PANEL<\/button>\n\t\t<button id=\"Tab8\" class=\"tabs__button\" data-for-tab=\"8\">PANEL TRANSPARENTE<\/button>\n\t\t<button id=\"Tab9\" class=\"tabs__button\" data-for-tab=\"9\">TIPO BARRA<\/button>\n\t\t<button id=\"Tab10\" class=\"tabs__button\" data-for-tab=\"10\">MEDIA BOX<\/button>\n\t<\/div>\n\n\n\t<div class=\"tabs__content\" data-tab=\"1\">\n\t\t<div class=\"tabs__text\">\n\t\t\t<h2>MONTAJE A PARED<\/h2>\n\t\t\t<p>Maxim\u00edzar el compromiso de tus clientes promocionando servicios con contenido atractivo a trav\u00e9s de pantallas.<\/p>\n\t\t<\/div>\n\t\t<div class=\"tabs__img wow\" style=\"animation-name: slideInRight;\">\n\t\t\t<!-- IMAGE HERE -->\n\t\t\t<img src=\"\/wp-content\/uploads\/2024\/11\/MONTAJE-A-PARED.jpg\">\n\t\t<\/div>\n\t<\/div>\n\n\n\n\t<div class=\"tabs__content\" data-tab=\"2\">\n\t\t<div class=\"tabs__text\">\n\t\t\t<h2>SOPORTE A PISO<\/h2>\n\t\t\t<p>Actualice su contenido visual con informaci\u00f3n valiosa y relevante como mapas, actualizaciones, descripciones, consejos y mucho m\u00e1s.<\/p>\n\t\t<\/div>\n\t\t<div class=\"tabs__img\">\n\t\t\t<!-- IMAGE HERE -->\n\t\t\t<img src=\"\/wp-content\/uploads\/2024\/11\/SOPORTE-A-PISO-1.jpg\">\n\t\t<\/div>\n\t<\/div>\n\n\n\n\t<div class=\"tabs__content\" data-tab=\"3\">\n\t\t<div class=\"tabs__text\">\n\t\t\t<h2>DOBLE PANTALLA<\/h2>\n\t\t\t<p>Construye una estrategia de contenido visual simple, elegante y efectiva para ofertas nuevas o especiales.<\/p>\n\t\t<\/div>\n\t\t<div class=\"tabs__img\">\n\t\t\t<!-- IMAGE HERE -->\n\t\t\t<img src=\"\/wp-content\/uploads\/2024\/11\/DOBLE-PANTALLA.jpg\">\n\t\t<\/div>\n\t<\/div>\n\n\n\n\t<div class=\"tabs__content\" data-tab=\"4\">\n\t\t<div class=\"tabs__text\">\n\t\t\t<h2>VIDEO WALL<\/h2>\n\t\t\t<p>Muestra tus productos y ofertas especiales en un lugar donde los posibles clientes puedan verte para atraerlos a tu negocio.<\/p>\n\t\t<\/div>\n\t\t<div class=\"tabs__img\">\n\t\t\t<!-- IMAGE HERE -->\n\t\t\t<img src=\"\/wp-content\/uploads\/2024\/11\/VIDEO-WALL.jpg\">\n\t\t<\/div>\n\t<\/div>\n\n\n\n\t<div class=\"tabs__content\" data-tab=\"5\">\n\t\t<div class=\"tabs__text\">\n\t\t\t<h2>PANTALLA DOBLE CON CAJA TRANSPARENTE<\/h2>\n\t\t\t<p>Contenido visual y productos desde un solo espacio.<\/p>\n\t\t<\/div>\n\t\t<div class=\"tabs__img\">\n\t\t\t<!-- IMAGE HERE -->\n\t\t\t<img src=\"\/wp-content\/uploads\/2024\/11\/PANTALLA-DOBLE-CON-CAJA-TRANSPARENTE.jpg\">\n\t\t<\/div>\n\t<\/div>\n\n\n\n\t<div class=\"tabs__content\" data-tab=\"6\">\n\t\t<div class=\"tabs__text\">\n\t\t\t<h2>SE\u00d1ALIZACI\u00d3N CON CAJA TRANSPARENTE<\/h2>\n\t\t\t<p>Atrae la atenci\u00f3n de tus clientes con todo tipo de propuestas creativas.<\/p>\n\t\t<\/div>\n\t\t<div class=\"tabs__img\">\n\t\t\t<!-- IMAGE HERE -->\n\t\t\t<img src=\"\/wp-content\/uploads\/2024\/11\/SENALIZACION-CON-CAJA-TRANSPARENTE.jpg\">\n\t\t<\/div>\n\t<\/div>\n\n\n\n\t<div class=\"tabs__content\" data-tab=\"7\">\n\t\t<div class=\"tabs__text\">\n\t\t\t<h2>DOBLE PANEL<\/h2>\n\t\t\t<p>Muestra tus promociones, productos u ofertas desde un punto donde todos voltear\u00e1n a verlo.<\/p>\n\t\t<\/div>\n\t\t<div class=\"tabs__img\">\n\t\t\t<!-- IMAGE HERE -->\n\t\t\t<img src=\"\/wp-content\/uploads\/2024\/11\/DOBLE-PANEL.jpg\">\n\t\t<\/div>\n\t<\/div>\n\n\n\t<div class=\"tabs__content\" data-tab=\"8\">\n\t\t<div class=\"tabs__text\">\n\t\t\t<h2>PANEL TRANSPARENTE<\/h2>\n\t\t\t<p>Una soluci\u00f3n atractiva e inteligente para mostrar lo que necesites.<\/p>\n\t\t<\/div>\n\t\t<div class=\"tabs__img\">\n\t\t\t<!-- IMAGE HERE -->\n\t\t\t<img src=\"\/wp-content\/uploads\/2024\/11\/PANEL-TRANSPARENTE.jpg\">\n\t\t<\/div>\n\t<\/div>\n\n\n\n\t<div class=\"tabs__content\" data-tab=\"9\">\n\t\t<div class=\"tabs__text\">\n\t\t\t<h2>TIPO BARRA<\/h2>\n\t\t\t<p>Se\u00f1alizaci\u00f3n clara y objetiva, los detalles son los que hacen que un negocio destaque.<\/p>\n\t\t<\/div>\n\t\t<div class=\"tabs__img\">\n\t\t\t<!-- IMAGE HERE -->\n\t\t\t<img src=\"\/wp-content\/uploads\/2024\/11\/TIPO-BARRA.jpg\">\n\t\t<\/div>\n\t<\/div>\n\n\n\n\t<div class=\"tabs__content\" data-tab=\"10\">\n\t\t<div class=\"tabs__text\">\n\t\t\t<h2>MEDIA BOX<\/h2>\n\t\t\t<p>El cerebro para tu contenido multimedia.<\/p>\n\t\t<\/div>\n\t\t<div class=\"tabs__img\">\n\t\t\t<!-- IMAGE HERE -->\n\t\t\t<img src=\"\/wp-content\/uploads\/2024\/11\/MEDIA-BOX.jpg\">\n\t\t<\/div>\n\t<\/div>\n\n\n\n\n\n\n\n\n\n\n\n\n<\/div>\n\n\n<!-- Javascript TabsButtons and hash selector -->\n<script type=\"text\/javascript\">\n\tfunction setupTabs() {\n\t\tdocument.querySelectorAll(\".tabs__button\").forEach(button => {\n\t\t\tbutton.addEventListener(\"click\", () => {\n\t\t\t\tconst sideBar = button.parentElement;\n\t\t\t\tconst tabsContainer = sideBar.parentElement;\n\t\t\t\tconst tabNumber = button.dataset.forTab;\n\t\t\t\tconst tabToActivate = tabsContainer.querySelector(`.tabs__content[data-tab=\"${tabNumber}\"]`);\n\t\t\t\tsideBar.querySelectorAll(\".tabs__button\").forEach(button => {\n\t\t\t\t\tbutton.classList.remove(\"tabs__button--active\")\n\t\t\t\t})\n\t\t\t\ttabsContainer.querySelectorAll(\".tabs__content\").forEach(tab => {\n\t\t\t\t\ttab.classList.remove(\"tabs__content--active\")\n\t\t\t\t})\n\t\t\t\tbutton.classList.add(\"tabs__button--active\");\n\t\t\t\ttabToActivate.classList.add(\"tabs__content--active\");\n\t\t\t});\n\t\t});\n\t}\n\tdocument.addEventListener(\"DOMContentLoaded\", () => {\n\t\tsetupTabs();\n\t\tdocument.querySelectorAll(\".tabs\").forEach(tabsContainer => {\n\t\t\ttabsContainer.querySelector(\".tabs__sidebar .tabs__button\").click();\n\t\t\tlet dest = location.hash.slice(1);\n\t\t\tif (dest) {\n\t\t\t\tlet tab = document.getElementById(dest);\n\t\t\t\tif (tab) {\n\t\t\t\t\ttab.click();\n\t\t\t\t}\n\t\t\t}\n\t\t})\n\t})\n<\/script>\n","protected":false},"excerpt":{"rendered":"<p>Se\u00f1alizaci\u00f3n Digital MONTAJE A PARED SOPORTE A PISO DOBLE PANTALLA VIDEO WALL PANTALLA DOBLE CON CAJA TRANSPARENTE SE\u00d1ALIZACI\u00d3N CON CAJA TRANSPARENTE DOBLE PANEL PANEL TRANSPARENTE TIPO BARRA MEDIA BOX MONTAJE &#8230;<\/p>\n","protected":false},"author":4,"featured_media":0,"parent":0,"menu_order":0,"comment_status":"closed","ping_status":"closed","template":"template-senalizacion-digital.php","meta":[],"_links":{"self":[{"href":"https:\/\/www.datasid.com\/index.php?rest_route=\/wp\/v2\/pages\/1874"}],"collection":[{"href":"https:\/\/www.datasid.com\/index.php?rest_route=\/wp\/v2\/pages"}],"about":[{"href":"https:\/\/www.datasid.com\/index.php?rest_route=\/wp\/v2\/types\/page"}],"author":[{"embeddable":true,"href":"https:\/\/www.datasid.com\/index.php?rest_route=\/wp\/v2\/users\/4"}],"replies":[{"embeddable":true,"href":"https:\/\/www.datasid.com\/index.php?rest_route=%2Fwp%2Fv2%2Fcomments&post=1874"}],"version-history":[{"count":23,"href":"https:\/\/www.datasid.com\/index.php?rest_route=\/wp\/v2\/pages\/1874\/revisions"}],"predecessor-version":[{"id":1957,"href":"https:\/\/www.datasid.com\/index.php?rest_route=\/wp\/v2\/pages\/1874\/revisions\/1957"}],"wp:attachment":[{"href":"https:\/\/www.datasid.com\/index.php?rest_route=%2Fwp%2Fv2%2Fmedia&parent=1874"}],"curies":[{"name":"wp","href":"https:\/\/api.w.org\/{rel}","templated":true}]}}